{"id":214222,"date":"2026-04-07T02:02:28","date_gmt":"2026-04-07T00:02:28","guid":{"rendered":"https:\/\/art-agro.pl\/sklep\/uncategorized\/0000118100-czujnik-predkosci-napedu-szpuli-claas-oryginalny\/"},"modified":"2026-04-09T09:37:34","modified_gmt":"2026-04-09T07:37:34","slug":"0000118100-czujnik-predkosci-napedu-szpuli-claas-oryginalny","status":"publish","type":"product","link":"https:\/\/art-agro.pl\/en\/sklep\/combine\/combine-claas\/0000118100-czujnik-predkosci-napedu-szpuli-claas-oryginalny\/","title":{"rendered":"0000118100 Czujnik pr\u0119dko\u015bci nap\u0119du szpuli CLAAS (oryginalny)"},"content":{"rendered":"","protected":false},"excerpt":{"rendered":"","protected":false},"featured_media":201261,"comment_status":"open","ping_status":"open","template":"","meta":{"_acf_changed":false},"product_brand":[],"product_cat":[67155,67156],"product_tag":[76673,76674,76675,76676,76670,76672],"class_list":{"0":"post-214222","1":"product","2":"type-product","3":"status-publish","4":"has-post-thumbnail","6":"product_cat-combine","7":"product_cat-combine-claas","8":"product_tag-76673","9":"product_tag-000011810-0","10":"product_tag-76675","11":"product_tag-76676","12":"product_tag-011810-0","13":"product_tag-76672","15":"first","16":"instock","17":"purchasable","18":"product-type-simple"},"acf":[],"_links":{"self":[{"href":"https:\/\/art-agro.pl\/en\/wp-json\/wp\/v2\/product\/214222","targetHints":{"allow":["GET"]}}],"collection":[{"href":"https:\/\/art-agro.pl\/en\/wp-json\/wp\/v2\/product"}],"about":[{"href":"https:\/\/art-agro.pl\/en\/wp-json\/wp\/v2\/types\/product"}],"replies":[{"embeddable":true,"href":"https:\/\/art-agro.pl\/en\/wp-json\/wp\/v2\/comments?post=214222"}],"wp:featuredmedia":[{"embeddable":true,"href":"https:\/\/art-agro.pl\/en\/wp-json\/wp\/v2\/media\/201261"}],"wp:attachment":[{"href":"https:\/\/art-agro.pl\/en\/wp-json\/wp\/v2\/media?parent=214222"}],"wp:term":[{"taxonomy":"product_brand","embeddable":true,"href":"https:\/\/art-agro.pl\/en\/wp-json\/wp\/v2\/product_brand?post=214222"},{"taxonomy":"product_cat","embeddable":true,"href":"https:\/\/art-agro.pl\/en\/wp-json\/wp\/v2\/product_cat?post=214222"},{"taxonomy":"product_tag","embeddable":true,"href":"https:\/\/art-agro.pl\/en\/wp-json\/wp\/v2\/product_tag?post=214222"}],"curies":[{"name":"wp","href":"https:\/\/api.w.org\/{rel}","templated":true}]}}