{"id":211359,"date":"2026-04-30T03:00:10","date_gmt":"2026-04-30T01:00:10","guid":{"rendered":"https:\/\/art-agro.pl\/sklep\/uncategorized\/001148-geringhoff-flange-bearing-with-dust-cover\/"},"modified":"2026-01-28T10:35:38","modified_gmt":"2026-01-28T08:35:38","slug":"001148-geringhoff-flange-bearing-with-dust-cover","status":"publish","type":"product","link":"https:\/\/art-agro.pl\/en\/sklep\/bearings\/for-agricultural-machinery\/geringhoff-bearings\/001148-geringhoff-flange-bearing-with-dust-cover\/","title":{"rendered":"001148 GERINGHOFF Flange Bearing with Dust Cover"},"content":{"rendered":"<h2>001148 \u0141o\u017cysko ko\u0142nierzowe z os\u0142on\u0105 przeciwpy\u0142ow\u0105 GERINGHOFF<\/h2>\n<p>Original spare part for the Geringhoff header.<\/p>\n<p>Designed with factory quality standards in mind and fully compatible with devices of this brand.<\/p>\n<p>Ensures reliable and stable header operation even under heavy loads. Recommended for replacing worn or damaged components. <\/p>\n","protected":false},"excerpt":{"rendered":"<p>001148 \u0141o\u017cysko ko\u0142nierzowe z os\u0142on\u0105 przeciwpy\u0142ow\u0105 GERINGHOFF Original spare part for the Geringhoff header. Designed with factory quality standards in mind and fully compatible with devices of this brand. Ensures reliable and stable header operation even under heavy loads. Recommended for replacing worn or damaged components.<\/p>\n","protected":false},"featured_media":132809,"comment_status":"open","ping_status":"open","template":"","meta":{"_acf_changed":false},"product_brand":[822],"product_cat":[67288,67150,67153],"product_tag":[75985],"class_list":{"0":"post-211359","1":"product","2":"type-product","3":"status-publish","4":"has-post-thumbnail","6":"product_brand-geringhoff","7":"product_cat-geringhoff-bearings","8":"product_cat-header","9":"product_cat-header-geringhoff","10":"product_tag-75985","12":"first","13":"instock","14":"purchasable","15":"product-type-simple"},"acf":[],"_links":{"self":[{"href":"https:\/\/art-agro.pl\/en\/wp-json\/wp\/v2\/product\/211359","targetHints":{"allow":["GET"]}}],"collection":[{"href":"https:\/\/art-agro.pl\/en\/wp-json\/wp\/v2\/product"}],"about":[{"href":"https:\/\/art-agro.pl\/en\/wp-json\/wp\/v2\/types\/product"}],"replies":[{"embeddable":true,"href":"https:\/\/art-agro.pl\/en\/wp-json\/wp\/v2\/comments?post=211359"}],"wp:featuredmedia":[{"embeddable":true,"href":"https:\/\/art-agro.pl\/en\/wp-json\/wp\/v2\/media\/132809"}],"wp:attachment":[{"href":"https:\/\/art-agro.pl\/en\/wp-json\/wp\/v2\/media?parent=211359"}],"wp:term":[{"taxonomy":"product_brand","embeddable":true,"href":"https:\/\/art-agro.pl\/en\/wp-json\/wp\/v2\/product_brand?post=211359"},{"taxonomy":"product_cat","embeddable":true,"href":"https:\/\/art-agro.pl\/en\/wp-json\/wp\/v2\/product_cat?post=211359"},{"taxonomy":"product_tag","embeddable":true,"href":"https:\/\/art-agro.pl\/en\/wp-json\/wp\/v2\/product_tag?post=211359"}],"curies":[{"name":"wp","href":"https:\/\/api.w.org\/{rel}","templated":true}]}}